{"id":11,"date":"2025-01-13T19:26:13","date_gmt":"2025-01-13T19:26:13","guid":{"rendered":"https:\/\/opiekunki.pro\/?page_id=11"},"modified":"2025-01-24T16:37:28","modified_gmt":"2025-01-24T16:37:28","slug":"strona-glowna","status":"publish","type":"page","link":"https:\/\/opiekunki.pro\/","title":{"rendered":"Strona G\u0142\u00f3wna"},"content":{"rendered":"<p>[et_pb_section fb_built=&#8221;1&#8243; admin_label=&#8221;Header&#8221; _builder_version=&#8221;4.27.4&#8243; _module_preset=&#8221;default&#8221; background_color=&#8221;rgba(84,84,84,0.44)&#8221; background_image=&#8221;https:\/\/opiekunki.pro\/wp-content\/uploads\/2025\/01\/pexels-vlada-karpovich-5790833-scaled-1.jpg&#8221; background_size=&#8221;initial&#8221; background_position=&#8221;top_right&#8221; background_vertical_offset=&#8221;5%&#8221; background_blend=&#8221;difference&#8221; min_height=&#8221;656px&#8221; custom_margin=&#8221;||-2px||false|false&#8221; custom_padding=&#8221;||0px||false|false&#8221; background_last_edited=&#8221;on|phone&#8221; background_size_tablet=&#8221;cover&#8221; background_size_phone=&#8221;custom&#8221; background_image_height_phone=&#8221;71%&#8221; background_position_phone=&#8221;center_right&#8221; background_horizontal_offset_phone=&#8221;31%&#8221; collapsed=&#8221;on&#8221; global_colors_info=&#8221;{}&#8221;][et_pb_row _builder_version=&#8221;4.25.0&#8243; _module_preset=&#8221;default&#8221; max_width=&#8221;none&#8221; min_height=&#8221;479px&#8221; custom_margin=&#8221;|auto|-92px|auto||&#8221; global_colors_info=&#8221;{}&#8221;][et_pb_column type=&#8221;4_4&#8243; _builder_version=&#8221;4.24.2&#8243; _module_preset=&#8221;default&#8221; global_colors_info=&#8221;{}&#8221;][et_pb_text content_tablet=&#8221;<\/p>\n<h1><span style=%22color: #0a0002;%22>Omega-3<\/span><\/h1>\n<p>&#8221; content_phone=&#8221;<\/p>\n<p><span style=%22color: #ffffff;%22><strong>Omega-3<\/strong><\/span><\/p>\n<p><span style=%22color: #0a0002;%22><\/span><\/p>\n<p>&#8221; content_last_edited=&#8221;on|phone&#8221; _builder_version=&#8221;4.27.4&#8243; _module_preset=&#8221;8d93b7ca-7917-42d2-9749-fd6fe8ef8ce3&#8243; text_text_color=&#8221;#FFFFFF&#8221; header_text_color=&#8221;gcid-0a70bcaa-1736-40e0-9723-4fb88b8b6694&#8243; text_orientation=&#8221;center&#8221; custom_margin=&#8221;||10px||false|false&#8221; text_text_color_tablet=&#8221;#EDF000&#8243; text_text_color_phone=&#8221;#000000&#8243; text_text_color_last_edited=&#8221;on|phone&#8221; text_font_size_tablet=&#8221;&#8221; text_font_size_phone=&#8221;60px&#8221; text_font_size_last_edited=&#8221;on|phone&#8221; text_text_shadow_style=&#8221;preset1&#8243; global_colors_info=&#8221;{%22gcid-0a70bcaa-1736-40e0-9723-4fb88b8b6694%22:%91%22header_text_color%22%93}&#8221;]<\/p>\n<h1><span style=\"color: #ffffff;\">Omega-3<\/span><\/h1>\n<p>[\/et_pb_text][et_pb_text _builder_version=&#8221;4.27.4&#8243; _module_preset=&#8221;d746294e-80a3-4f04-a0fd-69edf462007d&#8221; text_text_color=&#8221;#0a0000&#8243; text_font_size=&#8221;41px&#8221; background_color=&#8221;rgba(10,0,0,0.29)&#8221; text_orientation=&#8221;center&#8221; max_width=&#8221;800px&#8221; module_alignment=&#8221;center&#8221; custom_padding=&#8221;1px|||||&#8221; text_font_size_tablet=&#8221;41px&#8221; text_font_size_phone=&#8221;24px&#8221; text_font_size_last_edited=&#8221;on|phone&#8221; global_colors_info=&#8221;{}&#8221; text_font_size__hover_enabled=&#8221;off|desktop&#8221;]<\/p>\n<div class=\"elementor-element elementor-element-02cc365 elementor-widget elementor-widget-text-editor\" data-id=\"02cc365\" data-element_type=\"widget\" data-widget_type=\"text-editor.default\">\n<div class=\"elementor-widget-container\">\n<p><span style=\"color: #ffffff;\"><strong>Czas zatroszczy\u0107 si\u0119 o tych, kt\u00f3rzy zawsze troszczyli si\u0119 o nas<\/strong><\/span><\/p>\n<\/div>\n<\/div>\n<div class=\"elementor-element elementor-element-a2adbf0 elementor-widget elementor-widget-text-editor\" data-id=\"a2adbf0\" data-element_type=\"widget\" data-widget_type=\"text-editor.default\">\n<div class=\"elementor-widget-container\"><\/div>\n<\/div>\n<div class=\"elementor-element elementor-element-b78c0f0 elementor-align-center elementor-widget elementor-widget-button\" data-id=\"b78c0f0\" data-element_type=\"widget\" data-widget_type=\"button.default\">\n<div class=\"elementor-widget-container\">\n<div class=\"elementor-button-wrapper\"><\/div>\n<\/div>\n<\/div>\n<p>[\/et_pb_text][\/et_pb_column][\/et_pb_row][et_pb_row column_structure=&#8221;1_4,1_4,1_4,1_4&#8243; use_custom_gutter=&#8221;on&#8221; gutter_width=&#8221;1&#8243; _builder_version=&#8221;4.27.4&#8243; _module_preset=&#8221;default&#8221; width=&#8221;100%&#8221; max_width=&#8221;100%&#8221; module_alignment=&#8221;right&#8221; custom_margin=&#8221;2vw|auto||auto|false|false&#8221; custom_padding=&#8221;0px||0px||true&#8221; animation_style=&#8221;slide&#8221; animation_direction=&#8221;bottom&#8221; use_custom_width=&#8221;on&#8221; width_unit=&#8221;off&#8221; custom_width_percent=&#8221;100%&#8221; locked=&#8221;off&#8221; global_colors_info=&#8221;{}&#8221;][et_pb_column type=&#8221;1_4&#8243; _builder_version=&#8221;4.16&#8243; _module_preset=&#8221;default&#8221; custom_padding=&#8221;|||&#8221; global_colors_info=&#8221;{}&#8221; custom_padding__hover=&#8221;|||&#8221;][\/et_pb_column][et_pb_column type=&#8221;1_4&#8243; _builder_version=&#8221;4.16&#8243; _module_preset=&#8221;default&#8221; custom_padding=&#8221;|||&#8221; global_colors_info=&#8221;{}&#8221; custom_padding__hover=&#8221;|||&#8221;][et_pb_text _builder_version=&#8221;4.27.4&#8243; _module_preset=&#8221;default&#8221; text_font=&#8221;|700||on|||||&#8221; text_font_size=&#8221;15px&#8221; text_letter_spacing=&#8221;2px&#8221; header_2_font=&#8221;||||||||&#8221; background_color=&#8221;#FFBA5A&#8221; text_orientation=&#8221;center&#8221; background_layout=&#8221;dark&#8221; custom_margin=&#8221;10px||&#8221; custom_padding=&#8221;30px|20px|30px|20px|true|true&#8221; link_option_url=&#8221;https:\/\/opiekunki.pro\/rekrutacja-opiekunow\/&#8221; hover_enabled=&#8221;0&#8243; border_radii=&#8221;|10px|||&#8221; box_shadow_style=&#8221;preset3&#8243; box_shadow_blur=&#8221;100px&#8221; box_shadow_color=&#8221;rgba(255,186,90,0.6)&#8221; global_colors_info=&#8221;{}&#8221; custom_margin__hover=&#8221;0px||&#8221; custom_margin__hover_enabled=&#8221;on&#8221; custom_padding__hover=&#8221;35px||35px||true&#8221; custom_padding__hover_enabled=&#8221;on&#8221; border_radii__hover_enabled=&#8221;on&#8221; border_radii__hover=&#8221;|10px|10px||&#8221; sticky_enabled=&#8221;0&#8243;]<\/p>\n<p>ZOSTA\u0143 OPIEKUNEM<\/p>\n<p>[\/et_pb_text][\/et_pb_column][et_pb_column type=&#8221;1_4&#8243; _builder_version=&#8221;4.16&#8243; _module_preset=&#8221;default&#8221; custom_padding=&#8221;|||&#8221; global_colors_info=&#8221;{}&#8221; custom_padding__hover=&#8221;|||&#8221;][et_pb_text _builder_version=&#8221;4.27.4&#8243; _module_preset=&#8221;default&#8221; text_font=&#8221;|700||on|||||&#8221; text_font_size=&#8221;15px&#8221; text_letter_spacing=&#8221;2px&#8221; header_2_font=&#8221;||||||||&#8221; background_color=&#8221;#55677f&#8221; text_orientation=&#8221;center&#8221; background_layout=&#8221;dark&#8221; custom_margin=&#8221;10px||&#8221; custom_padding=&#8221;30px|20px|30px|20px|true|true&#8221; link_option_url=&#8221;https:\/\/opiekunki.pro\/opiekunowie-dla-seniorow\/&#8221; hover_enabled=&#8221;0&#8243; border_radii=&#8221;||||&#8221; box_shadow_style=&#8221;preset3&#8243; box_shadow_blur=&#8221;100px&#8221; box_shadow_color=&#8221;rgba(85,103,127,0.6)&#8221; locked=&#8221;off&#8221; global_colors_info=&#8221;{}&#8221; custom_margin__hover=&#8221;0px||&#8221; custom_margin__hover_enabled=&#8221;on&#8221; custom_padding__hover=&#8221;35px||35px||true&#8221; custom_padding__hover_enabled=&#8221;on&#8221; border_radii__hover=&#8221;|10px|10px||&#8221; border_radii__hover_enabled=&#8221;on&#8221; sticky_enabled=&#8221;0&#8243;]<\/p>\n<p>ZNAJD\u0179 OPIEKUNA DLA SENIORA<\/p>\n<p>[\/et_pb_text][\/et_pb_column][et_pb_column type=&#8221;1_4&#8243; _builder_version=&#8221;4.27.4&#8243; _module_preset=&#8221;default&#8221; custom_padding=&#8221;|||&#8221; link_option_url=&#8221;https:\/\/www.omega-3.info.pl\/kontakt\/&#8221; global_colors_info=&#8221;{}&#8221; custom_padding__hover=&#8221;|||&#8221;][et_pb_text _builder_version=&#8221;4.27.4&#8243; _module_preset=&#8221;default&#8221; text_font=&#8221;|700||on|||||&#8221; text_font_size=&#8221;15px&#8221; text_letter_spacing=&#8221;2px&#8221; header_2_font=&#8221;||||||||&#8221; background_color=&#8221;#52b786&#8243; text_orientation=&#8221;center&#8221; background_layout=&#8221;dark&#8221; custom_margin=&#8221;10px||&#8221; custom_padding=&#8221;30px|20px|30px|20px|true|true&#8221; link_option_url=&#8221;https:\/\/opiekunki.pro\/kontakt&#8221; hover_enabled=&#8221;0&#8243; border_radii=&#8221;|10px|||&#8221; box_shadow_style=&#8221;preset3&#8243; box_shadow_blur=&#8221;100px&#8221; box_shadow_color=&#8221;rgba(255,186,90,0.6)&#8221; global_colors_info=&#8221;{}&#8221; custom_margin__hover=&#8221;0px||&#8221; custom_margin__hover_enabled=&#8221;on&#8221; custom_padding__hover=&#8221;35px||35px||true&#8221; custom_padding__hover_enabled=&#8221;on&#8221; border_radii__hover_enabled=&#8221;on&#8221; border_radii__hover=&#8221;|10px|10px||&#8221; sticky_enabled=&#8221;0&#8243;]<\/p>\n<p>SKONTAKTUJ SI\u0118 Z NAMI<\/p>\n<p>[\/et_pb_text][\/et_pb_column][\/et_pb_row][\/et_pb_section][et_pb_section fb_built=&#8221;1&#8243; _builder_version=&#8221;4.27.4&#8243; _module_preset=&#8221;default&#8221; background_color=&#8221;#242424&#8243; global_colors_info=&#8221;{}&#8221;][et_pb_row _builder_version=&#8221;4.27.4&#8243; _module_preset=&#8221;default&#8221; global_colors_info=&#8221;{}&#8221;][et_pb_column type=&#8221;4_4&#8243; _builder_version=&#8221;4.27.4&#8243; _module_preset=&#8221;default&#8221; global_colors_info=&#8221;{}&#8221;][et_pb_text _builder_version=&#8221;4.27.4&#8243; _module_preset=&#8221;default&#8221; text_text_color=&#8221;#ffffff&#8221; text_font_size=&#8221;50px&#8221; text_letter_spacing=&#8221;2px&#8221; text_line_height=&#8221;1.2em&#8221; custom_padding=&#8221;||0px|||&#8221; text_font_size_tablet=&#8221;50px&#8221; text_font_size_phone=&#8221;37px&#8221; text_font_size_last_edited=&#8221;on|phone&#8221; global_colors_info=&#8221;{}&#8221;]<\/p>\n<p style=\"text-align: center;\"><strong>ZDROWIE NASZYCH SENIOR\u00d3W<\/strong><\/p>\n<p>[\/et_pb_text][\/et_pb_column][\/et_pb_row][et_pb_row _builder_version=&#8221;4.27.4&#8243; _module_preset=&#8221;default&#8221; custom_margin=&#8221;|auto|-112px|auto||&#8221; custom_padding=&#8221;0px|||||&#8221; global_colors_info=&#8221;{}&#8221;][et_pb_column type=&#8221;4_4&#8243; _builder_version=&#8221;4.27.4&#8243; _module_preset=&#8221;default&#8221; global_colors_info=&#8221;{}&#8221;][et_pb_icon font_icon=&#8221;&#x4b;||divi||400&#8243; icon_color=&#8221;#E09900&#8243; _builder_version=&#8221;4.27.4&#8243; _module_preset=&#8221;default&#8221; custom_padding=&#8221;||11px|||&#8221; global_colors_info=&#8221;{}&#8221;][\/et_pb_icon][\/et_pb_column][\/et_pb_row][\/et_pb_section][et_pb_section fb_built=&#8221;1&#8243; _builder_version=&#8221;4.27.4&#8243; _module_preset=&#8221;default&#8221; background_color=&#8221;#242424&#8243; custom_padding=&#8221;99px|||||&#8221; global_colors_info=&#8221;{}&#8221;][et_pb_row column_structure=&#8221;1_3,1_3,1_3&#8243; _builder_version=&#8221;4.27.4&#8243; _module_preset=&#8221;default&#8221; custom_margin=&#8221;-100px|auto|53px|auto|false|false&#8221; custom_padding=&#8221;||0px|||&#8221; global_colors_info=&#8221;{}&#8221;][et_pb_column type=&#8221;1_3&#8243; _builder_version=&#8221;4.27.4&#8243; _module_preset=&#8221;default&#8221; use_background_color_gradient=&#8221;on&#8221; background_color_gradient_stops=&#8221;rgba(255,255,255,0) 0%|rgba(0,0,0,0.6) 80%&#8221; background_color_gradient_overlays_image=&#8221;on&#8221; background_image=&#8221;https:\/\/opiekunki.pro\/wp-content\/uploads\/2025\/01\/home1.jpg&#8221; custom_padding=&#8221;30%|30px|30px|30px|false|true&#8221; global_colors_info=&#8221;{}&#8221;][et_pb_text _builder_version=&#8221;4.24.2&#8243; _module_preset=&#8221;98050c99-1efb-4313-a9e4-6d1430940f7e&#8221; header_4_text_color=&#8221;#FFFFFF&#8221; global_colors_info=&#8221;{}&#8221;]<\/p>\n<h3 class=\"elementor-image-box-title\"><span style=\"color: #ffffff;\"><strong><span style=\"font-size: large;\">Opieka<\/span><\/strong><\/span><\/h3>\n<p class=\"elementor-image-box-description\"><span style=\"font-size: large; color: #ffffff;\">Pomagamy w podstawowych czynno\u015bciach: karmienie, ubieranie, higiena osobista, wizyty u lekarza i za\u017cywanie lek\u00f3w.<\/span><\/p>\n<p>[\/et_pb_text][\/et_pb_column][et_pb_column type=&#8221;1_3&#8243; _builder_version=&#8221;4.27.4&#8243; _module_preset=&#8221;default&#8221; use_background_color_gradient=&#8221;on&#8221; background_color_gradient_stops=&#8221;rgba(255,255,255,0) 0%|rgba(0,0,0,0.6) 80%&#8221; background_color_gradient_overlays_image=&#8221;on&#8221; background_image=&#8221;https:\/\/opiekunki.pro\/wp-content\/uploads\/2025\/01\/2.jpg&#8221; custom_padding=&#8221;30%|30px|30px|30px|false|true&#8221; global_colors_info=&#8221;{}&#8221;][et_pb_text _builder_version=&#8221;4.24.2&#8243; _module_preset=&#8221;98050c99-1efb-4313-a9e4-6d1430940f7e&#8221; header_4_text_color=&#8221;#FFFFFF&#8221; global_colors_info=&#8221;{}&#8221;]<\/p>\n<h3 class=\"elementor-image-box-title\"><span style=\"font-size: large; color: #ffffff;\"><strong>Prowadzenie domu<\/strong><\/span><\/h3>\n<p class=\"elementor-image-box-description\"><span style=\"color: #ffffff; font-size: large;\">Zapewniamy pomoc w prowadzeniu gospodarstwa domowego oraz utrzymaniu czysto\u015bci i porz\u0105dku w mieszkaniu osoby starszej<\/span><\/p>\n<p>[\/et_pb_text][\/et_pb_column][et_pb_column type=&#8221;1_3&#8243; _builder_version=&#8221;4.27.4&#8243; _module_preset=&#8221;default&#8221; use_background_color_gradient=&#8221;on&#8221; background_color_gradient_stops=&#8221;rgba(255,255,255,0) 0%|rgba(0,0,0,0.6) 80%&#8221; background_color_gradient_overlays_image=&#8221;on&#8221; background_image=&#8221;https:\/\/opiekunki.pro\/wp-content\/uploads\/2025\/01\/home2-scaled-1.jpg&#8221; custom_padding=&#8221;28%|30px|30px|30px|false|true&#8221; global_colors_info=&#8221;{}&#8221;][et_pb_text _builder_version=&#8221;4.24.2&#8243; _module_preset=&#8221;98050c99-1efb-4313-a9e4-6d1430940f7e&#8221; header_4_text_color=&#8221;#FFFFFF&#8221; global_colors_info=&#8221;{}&#8221;]<\/p>\n<h3 class=\"elementor-image-box-title\"><span style=\"color: #ffffff; font-size: large;\"><strong>Profesjonalne podej\u015bcie<\/strong><\/span><\/h3>\n<p class=\"elementor-image-box-description\"><span style=\"color: #ffffff; font-size: large;\">Wsp\u00f3\u0142pracujemy z wykwalifikowanymi i zaanga\u017cowanymi opiekunami, kt\u00f3rzy posiadaj\u0105 umiej\u0119tno\u015bci j\u0119zykowe oraz s\u0105 zatrudnieni w spos\u00f3b legalny<\/span><\/p>\n<p>[\/et_pb_text][\/et_pb_column][\/et_pb_row][et_pb_row _builder_version=&#8221;4.27.4&#8243; _module_preset=&#8221;default&#8221; global_colors_info=&#8221;{}&#8221;][et_pb_column type=&#8221;4_4&#8243; _builder_version=&#8221;4.27.4&#8243; _module_preset=&#8221;default&#8221; global_colors_info=&#8221;{}&#8221;][et_pb_button button_url=&#8221;https:\/\/opiekunki.pro\/o-nas\/&#8221; button_text=&#8221;Dowiedz si\u0119 o nas wi\u0119cej&#8221; button_alignment=&#8221;center&#8221; _builder_version=&#8221;4.27.4&#8243; _module_preset=&#8221;default&#8221; custom_button=&#8221;on&#8221; button_text_size=&#8221;25px&#8221; button_text_color=&#8221;#E09900&#8243; hover_enabled=&#8221;0&#8243; button_text_size_tablet=&#8221;25px&#8221; button_text_size_phone=&#8221;20px&#8221; button_text_size_last_edited=&#8221;on|phone&#8221; global_colors_info=&#8221;{}&#8221; sticky_enabled=&#8221;0&#8243;][\/et_pb_button][\/et_pb_column][\/et_pb_row][\/et_pb_section]<\/p>\n","protected":false},"excerpt":{"rendered":"<p>Omega-3 Czas zatroszczy\u0107 si\u0119 o tych, kt\u00f3rzy zawsze troszczyli si\u0119 o nas ZOSTA\u0143 OPIEKUNEMZNAJD\u0179 OPIEKUNA DLA SENIORASKONTAKTUJ SI\u0118 Z NAMIZDROWIE NASZYCH SENIOR\u00d3WOpieka Pomagamy w podstawowych czynno\u015bciach: karmienie, ubieranie, higiena osobista, wizyty u lekarza i za\u017cywanie lek\u00f3w.Prowadzenie domu Zapewniamy pomoc w prowadzeniu gospodarstwa domowego oraz utrzymaniu czysto\u015bci i porz\u0105dku w mieszkaniu osoby starszejProfesjonalne podej\u015bcie Wsp\u00f3\u0142pracujemy z [&hellip;]<\/p>\n","protected":false},"author":1,"featured_media":0,"parent":0,"menu_order":0,"comment_status":"closed","ping_status":"closed","template":"","meta":{"_et_pb_use_builder":"on","_et_pb_old_content":"<!-- wp:divi\/placeholder \/-->","_et_gb_content_width":"","footnotes":""},"class_list":["post-11","page","type-page","status-publish","hentry"],"_links":{"self":[{"href":"https:\/\/opiekunki.pro\/wp-json\/wp\/v2\/pages\/11","targetHints":{"allow":["GET"]}}],"collection":[{"href":"https:\/\/opiekunki.pro\/wp-json\/wp\/v2\/pages"}],"about":[{"href":"https:\/\/opiekunki.pro\/wp-json\/wp\/v2\/types\/page"}],"author":[{"embeddable":true,"href":"https:\/\/opiekunki.pro\/wp-json\/wp\/v2\/users\/1"}],"replies":[{"embeddable":true,"href":"https:\/\/opiekunki.pro\/wp-json\/wp\/v2\/comments?post=11"}],"version-history":[{"count":4,"href":"https:\/\/opiekunki.pro\/wp-json\/wp\/v2\/pages\/11\/revisions"}],"predecessor-version":[{"id":67,"href":"https:\/\/opiekunki.pro\/wp-json\/wp\/v2\/pages\/11\/revisions\/67"}],"wp:attachment":[{"href":"https:\/\/opiekunki.pro\/wp-json\/wp\/v2\/media?parent=11"}],"curies":[{"name":"wp","href":"https:\/\/api.w.org\/{rel}","templated":true}]}}